{"id":199,"date":"2013-06-07T11:38:12","date_gmt":"2013-06-07T11:38:12","guid":{"rendered":"http:\/\/demo2.woothemes.com\/woocommerce\/?post_type=product&#038;p=99"},"modified":"2025-03-10T09:43:48","modified_gmt":"2025-03-10T09:43:48","slug":"woo-single-2","status":"publish","type":"product","link":"https:\/\/beautyeducator.de\/?product=woo-single-2","title":{"rendered":"Kyana Co-Wash CURLS Sanfte Reinigung und Pflege f\u00fcr lockiges und welliges Haar"},"content":{"rendered":"<div class=\"product-description\">Das Cowash CURLS Define &amp; Moisturizing der EVOZEN Blow Dry &amp; Styling Serie von KYANA bietet eine sanfte, feuchtigkeitsspendende Reinigung in nur einem Schritt. Die fortschrittliche Formel mit reichhaltigen Gr\u00fcntee-Extrakten reinigt das Haar gr\u00fcndlich, ohne ihm die essenziellen, f\u00fcr gesundes Wachstum notwendigen nat\u00fcrlichen \u00d6le zu entziehen. Durch die mit Ceramiden angereicherte Zusammensetzung wird der Feuchtigkeitshaushalt des Haares optimal reguliert, wodurch Locken und Wellen definiert, Frizz reduziert und gleichzeitig Volumen und Elastizit\u00e4t gef\u00f6rdert werden. Das Haar wird intensiv gepflegt, erh\u00e4lt eine seidige Geschmeidigkeit und strahlenden Glanz. Anwendung: Eine ausreichende Menge auf das nasse Haar auftragen und sanft in die Kopfhaut einmassieren. Gr\u00fcndlich mit viel Wasser aussp\u00fclen. Kann abwechselnd mit dem KYANA Shampoo f\u00fcr lockiges Haar verwendet werden. \u00a0 Inhaltsstoffe: AQUA (WATER), CETEARYL ALCOHOL, SODIUM COCOAMPHOPROPIONATE, GLYCERIN, BEHENTRIMONIUM CHLORIDE, PHENOXYETHANOL, PARFUM (FRAGRANCE), ISOPROPYL ALCOHOL, COCO-GLUCOSIDE, COCAMIDOPROPYL BETAINE, POLYQUATERNIUM-37, HYDROXYPROPYL STARCH PHOSPHATE, ETHYLHEXYLGLYCERIN, DICAPRYLYL CARBONATE, HEXYL CINNAMAL, LINALOOL, CITRIC ACID, LAURYL GLUCOSIDE, PEG-8, LACTIC ACID, WHEAT AMINO ACIDS, PEG-8\/SMDI COPOLYMER, PALMITOYL MYRISTYL SERINATE, SODIUM POLYACRYLATE, CAMELLIA SINENSIS EXTRACT (CAMELLIA SINENSIS LEAF EXTRACT), MALIC ACID.<\/div>\n<div class=\"product-price-info\">\n<p class=\"product-price-unit\"><span class=\"product-unit-label\"> Inhalt: <\/span> <span class=\"price-unit-content\"> 0.3 Liter <\/span> <span class=\"price-unit-reference\"> (66,33\u00a0\u20ac* \/ 1 Liter) <\/span><\/p>\n<\/div>\n","protected":false},"excerpt":{"rendered":"<p>Das Cowash CURLS Define &amp; Moisturizing der EVOZEN Blow Dry &amp; Styling Serie von KYANA bietet eine sanfte, feuchtigkeitsspendende Reinigung in nur einem Schritt. Die fortschrittliche Formel mit reichhaltigen Gr\u00fcntee-Extrakten [&hellip;]<\/p>\n","protected":false},"featured_media":3040,"comment_status":"open","ping_status":"closed","template":"","meta":[],"product_cat":[49],"product_tag":[],"class_list":{"0":"post-199","1":"product","2":"type-product","3":"status-publish","4":"has-post-thumbnail","6":"product_cat-shampoo","7":"has_thumb","9":"first","10":"instock","11":"shipping-taxable","12":"purchasable","13":"product-type-simple"},"_links":{"self":[{"href":"https:\/\/beautyeducator.de\/index.php?rest_route=\/wp\/v2\/product\/199","targetHints":{"allow":["GET"]}}],"collection":[{"href":"https:\/\/beautyeducator.de\/index.php?rest_route=\/wp\/v2\/product"}],"about":[{"href":"https:\/\/beautyeducator.de\/index.php?rest_route=\/wp\/v2\/types\/product"}],"replies":[{"embeddable":true,"href":"https:\/\/beautyeducator.de\/index.php?rest_route=%2Fwp%2Fv2%2Fcomments&post=199"}],"wp:featuredmedia":[{"embeddable":true,"href":"https:\/\/beautyeducator.de\/index.php?rest_route=\/wp\/v2\/media\/3040"}],"wp:attachment":[{"href":"https:\/\/beautyeducator.de\/index.php?rest_route=%2Fwp%2Fv2%2Fmedia&parent=199"}],"wp:term":[{"taxonomy":"product_cat","embeddable":true,"href":"https:\/\/beautyeducator.de\/index.php?rest_route=%2Fwp%2Fv2%2Fproduct_cat&post=199"},{"taxonomy":"product_tag","embeddable":true,"href":"https:\/\/beautyeducator.de\/index.php?rest_route=%2Fwp%2Fv2%2Fproduct_tag&post=199"}],"curies":[{"name":"wp","href":"https:\/\/api.w.org\/{rel}","templated":true}]}}