{"id":704,"date":"2014-10-16T11:46:13","date_gmt":"2014-10-16T11:46:13","guid":{"rendered":"http:\/\/coiffeur.freevision.me\/?page_id=704"},"modified":"2025-05-17T12:29:50","modified_gmt":"2025-05-17T12:29:50","slug":"caroline","status":"publish","type":"page","link":"https:\/\/beautyeducator.de\/?page_id=704","title":{"rendered":"GORDANA APOSTOLOSKA"},"content":{"rendered":"<div class=\"wpb-content-wrapper\"><p>[vc_row][vc_column][vc_column_text]<span style=\"vertical-align: inherit;\"><span style=\"vertical-align: inherit;\">[\/vc_column_text][\/vc_column][\/vc_row][vc_row bg_parallax=&#8221;off&#8221; css=&#8221;.vc_custom_1413459419978{margin-top: 0px !important;padding-top: 70px !important;}&#8221;][vc_column width=&#8221;1\/3&#8243;][vc_single_image image=&#8221;2968&#8243; img_size=&#8221;full&#8221; alignment=&#8221;center&#8221; css=&#8221;&#8221;][vc_button2 title=&#8221;Zur\u00fcck zur Hauptseite&#8221; align=&#8221;center&#8221; style=&#8221;square_outlined&#8221; color=&#8221;black&#8221; size=&#8221;sm&#8221; link=&#8221;url:http%3A%2F%2Fwww.beautyeducator.de&#8221;][\/vc_column][vc_column width=&#8221;2\/3&#8243;][vc_column_text css=&#8221;&#8221;]<\/span><\/span><\/p>\n<h2><span style=\"vertical-align: inherit;\"><span style=\"vertical-align: inherit;\"><span style=\"vertical-align: inherit;\"><span style=\"vertical-align: inherit;\"><span style=\"vertical-align: inherit;\"><span style=\"vertical-align: inherit;\">GORDANA APOSTOLOSKA<\/span><\/span><\/span><\/span><\/span><\/span><\/h2>\n<h5><span style=\"color: #f33337;\"><span style=\"vertical-align: inherit;\"><span style=\"vertical-align: inherit;\"><span style=\"vertical-align: inherit;\"><span style=\"vertical-align: inherit;\"><span style=\"vertical-align: inherit;\"><span style=\"vertical-align: inherit;\">FRISEURMEISTERIN \/ FRISEURTRAINERIN<\/span><\/span><\/span><\/span><\/span><\/span><\/span><\/h5>\n<p><span style=\"vertical-align: inherit;\"><span style=\"vertical-align: inherit;\">[\/vc_column_text][vc_separator][vc_column_text css=&#8221;&#8221;]<\/span><\/span><\/p>\n<p class=\"my-0\">Mein Name ist Gordana Apostoloska und ich lebe meine Leidenschaft f\u00fcr Sch\u00f6nheit, Haare und Menschen jeden Tag aufs Neue. Schon als Kind war ich fasziniert davon, wie viel Ausstrahlung und Selbstbewusstsein ein individueller Look schenken kann. Diese Begeisterung hat mich zu meinem Traumberuf gef\u00fchrt: Ich bin Friseurmeisterin, Beauty Educator und Friseurtrainerin \u2013 und seit vielen Jahren Inhaberin von\u00a0<strong>Gordana\u2019s Haarwelt<\/strong>\u00a0in Bad Buchau.<\/p>\n<p class=\"my-0\">In meinem Salon verbinde ich klassisches Friseurhandwerk mit modernen Techniken und einem feinen Gesp\u00fcr f\u00fcr Trends. Mein Anspruch ist es, f\u00fcr jede Kundin und jeden Kunden die beste L\u00f6sung zu finden \u2013 typgerecht, pers\u00f6nlich und immer mit viel Herzblut. Besonders spezialisiert habe ich mich auf\u00a0<strong>Lockenhaarschnitte<\/strong>,\u00a0<strong>Spiraldauerwellen<\/strong>\u00a0und die innovative\u00a0<strong>Madero Therapie<\/strong>.<\/p>\n<h2 class=\"mb-xs mt-5 text-base font-[500] first:mt-0 dark:font-[475]\">Meine Philosophie<\/h2>\n<p class=\"my-0\">Ich bin \u00fcberzeugt: Sch\u00f6nheit ist mehr als nur ein \u00e4u\u00dferes Erscheinungsbild. Sie entsteht, wenn wir uns wohlf\u00fchlen, verstanden werden und uns selbst neu entdecken d\u00fcrfen. Deshalb nehme ich mir f\u00fcr jede Beratung und jede Anwendung viel Zeit \u2013 ob im Salon oder in meinen Schulungen. Mein Ziel ist es, dass Sie sich bei mir nicht nur versch\u00f6nern, sondern auch inspirieren lassen.<\/p>\n<h2 class=\"mb-xs mt-5 text-base font-[500] first:mt-0 dark:font-[475]\">Schulungen &amp; Workshops<\/h2>\n<p class=\"my-0\">Als Beauty Educator und Friseurtrainerin gebe ich mein Wissen und meine Erfahrung mit gro\u00dfer Freude weiter. Ich biete praxisnahe, individuelle Schulungen und Workshops an \u2013 f\u00fcr Einzelpersonen, Teams oder direkt als Inhouse-Training in Ihrem Friseursalon.<br \/>\nMein Angebot umfasst:<\/p>\n<ul class=\"marker:text-textOff list-disc\">\n<li>\n<p class=\"my-0\"><strong>Lockenhaarschnitt-Schulungen:<\/strong>\u00a0Lernen Sie spezielle Schnitttechniken f\u00fcr lockiges Haar \u2013 f\u00fcr perfekte Sprungkraft und nat\u00fcrliche Definition.<\/p>\n<\/li>\n<li>\n<p class=\"my-0\"><strong>Spiraldauerwelle-Workshops:<\/strong>\u00a0Entdecken Sie moderne Techniken f\u00fcr langanhaltende, nat\u00fcrliche Locken und erweitern Sie Ihr Repertoire.<\/p>\n<\/li>\n<li>\n<p class=\"my-0\"><strong>Madero Therapie Schulungen:<\/strong>\u00a0Erfahren Sie alles \u00fcber die effektive Massagetechnik mit Holzelementen zur Straffung des Bindegewebes und F\u00f6rderung des Wohlbefindens.<\/p>\n<\/li>\n<li>\n<p class=\"my-0\"><strong>Lockenworkshops:<\/strong>\u00a0Erhalten Sie wertvolle Tipps zum Umgang mit Locken, Styling mit Gl\u00e4tteisen und Lockenstab sowie zur richtigen Pflege.<\/p>\n<\/li>\n<\/ul>\n<p class=\"my-0\">Alle Schulungen sind individuell auf Ihre Bed\u00fcrfnisse zugeschnitten und sofort im Salonalltag umsetzbar. Ich lege gro\u00dfen Wert auf eine pers\u00f6nliche Betreuung, klare Erkl\u00e4rungen und viel Praxis.<\/p>\n<h2 class=\"mb-xs mt-5 text-base font-[500] first:mt-0 dark:font-[475]\">Anwendungen im Salon<\/h2>\n<p class=\"my-0\">Neben den Schulungen biete ich alle Techniken und Anwendungen selbstverst\u00e4ndlich auch in meinem Salon an \u2013 von der professionellen Madero Therapie \u00fcber den perfekten Lockenhaarschnitt bis zur modernen Spiraldauerwelle. Sie k\u00f6nnen jede Dienstleistung einzeln oder im Paket buchen und sich auf h\u00f6chste Qualit\u00e4t, Entspannung und ein rundum sch\u00f6nes Ergebnis freuen.<\/p>\n<h2 class=\"mb-xs mt-5 text-base font-[500] first:mt-0 dark:font-[475]\">Warum Sie bei mir richtig sind<\/h2>\n<ul class=\"marker:text-textOff list-disc\">\n<li>\n<p class=\"my-0\"><strong>Langj\u00e4hrige Erfahrung<\/strong>\u00a0als Friseurmeisterin, Trainerin und Beauty Educator<\/p>\n<\/li>\n<li>\n<p class=\"my-0\"><strong>Individuelle Beratung<\/strong>\u00a0und ma\u00dfgeschneiderte L\u00f6sungen<\/p>\n<\/li>\n<li>\n<p class=\"my-0\"><strong>Moderne Techniken<\/strong>\u00a0und aktuelle Trends<\/p>\n<\/li>\n<li>\n<p class=\"my-0\"><strong>Herzliche Atmosph\u00e4re<\/strong>\u00a0und pers\u00f6nliche Betreuung<\/p>\n<\/li>\n<\/ul>\n<p class=\"my-0\">Ich freue mich darauf, Sie kennenzulernen \u2013 ob f\u00fcr eine exklusive Anwendung oder eine inspirierende Schulung.<br \/>\n<strong>Buchen Sie jetzt Ihren Termin oder Ihre Wunschschulung und erleben Sie, wie viel Freude und Selbstbewusstsein ein neuer Look schenken kann!<\/strong><\/p>\n<p class=\"my-0\"><strong>Herzlichst,<br \/>\nIhre Gordana Apostoloska<\/strong><\/p>\n<p>[\/vc_column_text][\/vc_column][\/vc_row][vc_row][vc_column][vc_column_text][\/vc_column_text][\/vc_column][\/vc_row]<\/p>\n<\/div>","protected":false},"excerpt":{"rendered":"<p>[vc_row][vc_column][vc_column_text][\/vc_column_text][\/vc_column][\/vc_row][vc_row bg_parallax=&#8221;off&#8221; css=&#8221;.vc_custom_1413459419978{margin-top: 0px !important;padding-top: 70px !important;}&#8221;][vc_column width=&#8221;1\/3&#8243;][vc_single_image image=&#8221;2968&#8243; img_size=&#8221;full&#8221; alignment=&#8221;center&#8221; css=&#8221;&#8221;][vc_button2 title=&#8221;Zur\u00fcck zur Hauptseite&#8221; align=&#8221;center&#8221; style=&#8221;square_outlined&#8221; color=&#8221;black&#8221; size=&#8221;sm&#8221; link=&#8221;url:http%3A%2F%2Fwww.beautyeducator.de&#8221;][\/vc_column][vc_column width=&#8221;2\/3&#8243;][vc_column_text css=&#8221;&#8221;] GORDANA APOSTOLOSKA FRISEURMEISTERIN \/ FRISEURTRAINERIN [\/vc_column_text][vc_separator][vc_column_text css=&#8221;&#8221;] Mein [&hellip;]<\/p>\n","protected":false},"author":1,"featured_media":0,"parent":77,"menu_order":0,"comment_status":"open","ping_status":"open","template":"","meta":{"footnotes":""},"class_list":["post-704","page","type-page","status-publish","hentry"],"_links":{"self":[{"href":"https:\/\/beautyeducator.de\/index.php?rest_route=\/wp\/v2\/pages\/704","targetHints":{"allow":["GET"]}}],"collection":[{"href":"https:\/\/beautyeducator.de\/index.php?rest_route=\/wp\/v2\/pages"}],"about":[{"href":"https:\/\/beautyeducator.de\/index.php?rest_route=\/wp\/v2\/types\/page"}],"author":[{"embeddable":true,"href":"https:\/\/beautyeducator.de\/index.php?rest_route=\/wp\/v2\/users\/1"}],"replies":[{"embeddable":true,"href":"https:\/\/beautyeducator.de\/index.php?rest_route=%2Fwp%2Fv2%2Fcomments&post=704"}],"version-history":[{"count":10,"href":"https:\/\/beautyeducator.de\/index.php?rest_route=\/wp\/v2\/pages\/704\/revisions"}],"predecessor-version":[{"id":3110,"href":"https:\/\/beautyeducator.de\/index.php?rest_route=\/wp\/v2\/pages\/704\/revisions\/3110"}],"up":[{"embeddable":true,"href":"https:\/\/beautyeducator.de\/index.php?rest_route=\/wp\/v2\/pages\/77"}],"wp:attachment":[{"href":"https:\/\/beautyeducator.de\/index.php?rest_route=%2Fwp%2Fv2%2Fmedia&parent=704"}],"curies":[{"name":"wp","href":"https:\/\/api.w.org\/{rel}","templated":true}]}}