{"id":596,"date":"2014-10-15T20:21:56","date_gmt":"2014-10-15T20:21:56","guid":{"rendered":"http:\/\/coiffeur.freevision.me\/?page_id=596"},"modified":"2025-05-17T10:33:04","modified_gmt":"2025-05-17T10:33:04","slug":"about-2","status":"publish","type":"page","link":"https:\/\/beautyeducator.de\/?page_id=596","title":{"rendered":"\u00dcber mich"},"content":{"rendered":"<div class=\"wpb-content-wrapper\"><p>[vc_row bg_parallax=&#8221;off&#8221; css=&#8221;.vc_custom_1413405786820{margin-top: 0px !important;margin-bottom: 0px !important;padding-top: 100px !important;}&#8221;][vc_column width=&#8221;1\/2&#8243;][vc_custom_heading text=&#8221;\u00dcber&#8221; font_container=&#8221;tag:h2|font_size:80|text_align:left|color:%23ccb566|line_height:84px&#8221; google_fonts=&#8221;font_family:Playfair%20Display%3Aregular%2Citalic%2C700%2C700italic%2C900%2C900italic|font_style:900%20bold%20italic%3A900%3Aitalic&#8221; css=&#8221;.vc_custom_1747462477253{margin-bottom: 0px !important;padding-bottom: 0px !important;}&#8221;][vc_custom_heading text=&#8221;mich&#8221; font_container=&#8221;tag:h2|font_size:60|text_align:left|color:%23ffffff|line_height:64px&#8221; google_fonts=&#8221;font_family:Playfair%20Display%3Aregular%2Citalic%2C700%2C700italic%2C900%2C900italic|font_style:700%20bold%20italic%3A700%3Aitalic&#8221; css=&#8221;.vc_custom_1747462486521{margin-top: 0px !important;margin-bottom: 0px !important;padding-top: 0px !important;padding-bottom: 0px !important;}&#8221;][vc_column_text css=&#8221;&#8221;]<span style=\"color: #ffffff;\"><span style=\"vertical-align: inherit;\"><span style=\"vertical-align: inherit;\">Mein Name ist\u00a0 <\/span><\/span><strong><span style=\"vertical-align: inherit;\"><span style=\"vertical-align: inherit;\">Gordana Apostoloska<\/span><\/span><\/strong><span style=\"vertical-align: inherit;\"><span style=\"vertical-align: inherit;\"> . Als erfahrene Friseurmeisterin und Beauty Educator aus Bad Buchau stehe ich seit vielen Jahren f\u00fcr exzellente Handwerkskunst und innovative Schulungskonzepte im Friseur- und Beautybereich. In meinem Salon \u201eGordana&#8217;s Haarwelt\u201c in Bad Buchau verbinde ich klassische Friseurkunst mit modernen Techniken, individueller Beratung und Leidenschaft f\u00fcr das Sch\u00f6ne<\/span><\/span><\/span>[\/vc_column_text]<span id=\"ozy_icon_6198\" class=\"ozy-icon  wpb_content_element align-center xxxlarge clean icon oic-flaticon-long20 \" style=\";color:#ccb566\" ><\/span>[\/vc_column][vc_column width=&#8221;1\/2&#8243;][vc_single_image image=&#8221;2968&#8243; img_size=&#8221;large&#8221; alignment=&#8221;center&#8221; style=&#8221;vc_box_shadow_3d&#8221; css=&#8221;.vc_custom_1747425676283{margin-top: 0px !important;margin-bottom: 0px !important;padding-top: 0px !important;padding-bottom: 0px !important;}&#8221;][\/vc_column][\/vc_row][vc_row bg_parallax=&#8221;off&#8221; css=&#8221;.vc_custom_1413405258004{margin-top: 0px !important;}&#8221;][vc_column width=&#8221;1\/2&#8243;][vc_single_image image=&#8221;3092&#8243; img_size=&#8221;large&#8221; alignment=&#8221;center&#8221; style=&#8221;vc_box_shadow_3d&#8221; css=&#8221;.vc_custom_1747477796087{margin-top: 0px !important;margin-bottom: 0px !important;padding-top: 0px !important;padding-bottom: 0px !important;}&#8221;][\/vc_column][vc_column width=&#8221;1\/2&#8243;][vc_empty_space height=&#8221;100px&#8221;][vc_custom_heading text=&#8221;Qualifikation und&#8221; font_container=&#8221;tag:h6|font_size:80|text_align:left|color:%23ccb566|line_height:84px&#8221; google_fonts=&#8221;font_family:Playfair%20Display%3Aregular%2Citalic%2C700%2C700italic%2C900%2C900italic|font_style:900%20bold%20italic%3A900%3Aitalic&#8221; css=&#8221;.vc_custom_1747477982007{margin-bottom: 0px !important;padding-bottom: 0px !important;}&#8221;][vc_custom_heading text=&#8221;Philosophie&#8221; font_container=&#8221;tag:h2|font_size:40|text_align:left|color:%23ffffff|line_height:44px&#8221; google_fonts=&#8221;font_family:Playfair%20Display%3Aregular%2Citalic%2C700%2C700italic%2C900%2C900italic|font_style:700%20bold%20italic%3A700%3Aitalic&#8221; css=&#8221;.vc_custom_1747462793206{margin-top: 0px !important;margin-bottom: 0px !important;padding-top: 0px !important;padding-bottom: 0px !important;}&#8221;][vc_column_text css=&#8221;.vc_custom_1747462979502{margin-top: 0px !important;padding-top: 0px !important;}&#8221;]<span style=\"color: #ffffff;\"><span style=\"vertical-align: inherit;\"><span style=\"vertical-align: inherit;\">Mit fundierter Ausbildung und langj\u00e4hriger Erfahrung als\u00a0 <\/span><\/span><strong><span style=\"vertical-align: inherit;\"><span style=\"vertical-align: inherit;\">Friseurtrainerin und Friseurmeisterin<\/span><\/span><\/strong><span style=\"vertical-align: inherit;\"><span style=\"vertical-align: inherit;\"> \u00a0biete ich nicht nur hochwertige Dienstleistungen im Salon an, sondern gebe mein Wissen auch in praxisnahen Seminaren weiter. Mein Ziel ist es, Fachwissen und Kreativit\u00e4t zu f\u00f6rdern \u2013 f\u00fcr mehr Freude und Erfolg im Beruf. Dabei stehen Qualit\u00e4t, pers\u00f6nliche Entwicklung und ein respektvoller Umgang im Mittelpunkt<\/span><\/span><\/span>[\/vc_column_text][\/vc_column][\/vc_row][vc_row bg_parallax=&#8221;off&#8221; css=&#8221;.vc_custom_1413406250620{margin-top: 0px !important;margin-bottom: 0px !important;padding-top: 100px !important;padding-bottom: 0px !important;}&#8221;][vc_column width=&#8221;1\/2&#8243;][vc_custom_heading text=&#8221;Schwerpunkte&#8221; font_container=&#8221;tag:h2|font_size:80|text_align:left|color:%23ccb566|line_height:84px&#8221; google_fonts=&#8221;font_family:Playfair%20Display%3Aregular%2Citalic%2C700%2C700italic%2C900%2C900italic|font_style:900%20bold%20italic%3A900%3Aitalic&#8221; css=&#8221;.vc_custom_1747462876081{margin-bottom: 0px !important;padding-bottom: 0px !important;}&#8221;][vc_custom_heading text=&#8221;Ihr Haar und Ihr Wohlbefinden liegen uns am Herzen.&#8221; font_container=&#8221;tag:h2|font_size:40|text_align:left|color:%23ffffff|line_height:44px&#8221; google_fonts=&#8221;font_family:Playfair%20Display%3Aregular%2Citalic%2C700%2C700italic%2C900%2C900italic|font_style:700%20bold%20italic%3A700%3Aitalic&#8221; css=&#8221;.vc_custom_1413444832062{margin-top: 0px !important;margin-bottom: 0px !important;padding-top: 0px !important;padding-bottom: 0px !important;}&#8221;][vc_column_text css=&#8221;&#8221;]<\/p>\n<p class=\"my-0\"><span style=\"color: #ffffff;\"><span style=\"vertical-align: inherit;\"><span style=\"vertical-align: inherit;\">Ich bin spezialisiert auf:<\/span><\/span><\/span><\/p>\n<ul class=\"marker:text-textOff list-disc\">\n<li>\n<p class=\"my-0\"><span style=\"color: #ffffff;\"><strong><button class=\"hover:duration-80 duration-800 cursor-pointer text-left align-baseline inline underline decoration-textOff\/25 decoration-1 underline-offset-[5px] animate-underlineFade after:content-[&quot;&quot;] hover:text-super hover:decoration-super\/80 hover:underline-offset-[7px] dark:decoration-textOffDark\/30 dark:hover:text-superDark dark:hover:decoration-superDark\/80 transition-all motion-reduce:transition-none appearance-none bg-transparent border-0 p-0 m-0 [td_&amp;]:table-cell align-baseline inline-block align-top\" type=\"button\" data-state=\"closed\"><span style=\"vertical-align: inherit;\"><span style=\"vertical-align: inherit;\">Spiraldauerwellen-Schulungen<\/span><\/span><\/button><span style=\"vertical-align: inherit;\"><span style=\"vertical-align: inherit;\">:<\/span><\/span><\/strong><span style=\"vertical-align: inherit;\"><span style=\"vertical-align: inherit;\"> \u00a0Vermittlung moderner Techniken f\u00fcr nat\u00fcrliches, dauerhaftes Locken \u2013 f\u00fcr Profis und Einsteiger.<\/span><\/span><\/span><\/p>\n<\/li>\n<li>\n<p class=\"my-0\"><span style=\"color: #ffffff;\"><strong><button class=\"hover:duration-80 duration-800 cursor-pointer text-left align-baseline inline underline decoration-textOff\/25 decoration-1 underline-offset-[5px] animate-underlineFade after:content-[&quot;&quot;] hover:text-super hover:decoration-super\/80 hover:underline-offset-[7px] dark:decoration-textOffDark\/30 dark:hover:text-superDark dark:hover:decoration-superDark\/80 transition-all motion-reduce:transition-none appearance-none bg-transparent border-0 p-0 m-0 [td_&amp;]:table-cell align-baseline inline-block align-top\" type=\"button\" data-state=\"closed\"><span style=\"vertical-align: inherit;\"><span style=\"vertical-align: inherit;\">Madero Therapie<\/span><\/span><\/button><span style=\"vertical-align: inherit;\"><span style=\"vertical-align: inherit;\">:<\/span><\/span><\/strong><span style=\"vertical-align: inherit;\"><span style=\"vertical-align: inherit;\"> \u00a0Innovative Schulungen und Anwendungen f\u00fcr k\u00f6rperliches Wohlbefinden und Sch\u00f6nheit.<\/span><\/span><\/span><\/p>\n<\/li>\n<li>\n<p class=\"my-0\"><span style=\"color: #ffffff;\"><strong><button class=\"hover:duration-80 duration-800 cursor-pointer text-left align-baseline inline underline decoration-textOff\/25 decoration-1 underline-offset-[5px] animate-underlineFade after:content-[&quot;&quot;] hover:text-super hover:decoration-super\/80 hover:underline-offset-[7px] dark:decoration-textOffDark\/30 dark:hover:text-superDark dark:hover:decoration-superDark\/80 transition-all motion-reduce:transition-none appearance-none bg-transparent border-0 p-0 m-0 [td_&amp;]:table-cell align-baseline inline-block align-top\" type=\"button\" data-state=\"closed\"><span style=\"vertical-align: inherit;\"><span style=\"vertical-align: inherit;\">Lockenhaarschnitt &amp; exklusive Workshops<\/span><\/span><\/button><span style=\"vertical-align: inherit;\"><span style=\"vertical-align: inherit;\">:<\/span><\/span><\/strong><span style=\"vertical-align: inherit;\"><span style=\"vertical-align: inherit;\"> \u00a0Individuelle Weiterbildungen, auch direkt in Ihrem Salon \u2013 ma\u00dfgeschneidert f\u00fcr Ausbildung und Teams.<\/span><\/span><\/span><\/p>\n<\/li>\n<\/ul>\n<p class=\"my-0\"><span style=\"color: #ffffff;\"><span style=\"vertical-align: inherit;\"><span style=\"vertical-align: inherit;\">Ob Sie Ihr K\u00f6nnen erweitern oder eine exklusive Anwendung erleben m\u00f6chten: Ich begleite Sie mit Kompetenz, Leidenschaft und pers\u00f6nlicher Betreuung auf Ihrem Weg zum Erfolg.<\/span><\/span><\/span><\/p>\n<p>[\/vc_column_text]<span id=\"ozy_icon_7691\" class=\"ozy-icon  wpb_content_element align-center xxxlarge clean icon oic-flaticon-scissors25 \" style=\";color:#ccb566\" ><\/span>[\/vc_column][vc_column width=&#8221;1\/2&#8243;][vc_single_image image=&#8221;3095&#8243; img_size=&#8221;full&#8221; alignment=&#8221;center&#8221; css=&#8221;.vc_custom_1747477930128{margin-top: 0px !important;margin-bottom: 0px !important;padding-top: 0px !important;padding-bottom: 0px !important;}&#8221;][\/vc_column][\/vc_row][vc_row][vc_column][vc_column_text]<span style=\"vertical-align: inherit;\"><span style=\"vertical-align: inherit;\"> [\/vc_column_text][\/vc_column][\/vc_row][vc_row][vc_column][vc_column_text]<\/span><\/span>[\/vc_column_text][\/vc_column][\/vc_row]<\/p>\n<\/div>","protected":false},"excerpt":{"rendered":"<p>[vc_row bg_parallax=&#8221;off&#8221; css=&#8221;.vc_custom_1413405786820{margin-top: 0px !important;margin-bottom: 0px !important;padding-top: 100px !important;}&#8221;][vc_column width=&#8221;1\/2&#8243;][vc_custom_heading text=&#8221;\u00dcber&#8221; font_container=&#8221;tag:h2|font_size:80|text_align:left|color:%23ccb566|line_height:84px&#8221; google_fonts=&#8221;font_family:Playfair%20Display%3Aregular%2Citalic%2C700%2C700italic%2C900%2C900italic|font_style:900%20bold%20italic%3A900%3Aitalic&#8221; css=&#8221;.vc_custom_1747462477253{margin-bottom: 0px !important;padding-bottom: 0px !important;}&#8221;][vc_custom_heading text=&#8221;mich&#8221; font_container=&#8221;tag:h2|font_size:60|text_align:left|color:%23ffffff|line_height:64px&#8221; google_fonts=&#8221;font_family:Playfair%20Display%3Aregular%2Citalic%2C700%2C700italic%2C900%2C900italic|font_style:700%20bold%20italic%3A700%3Aitalic&#8221; css=&#8221;.vc_custom_1747462486521{margin-top: 0px !important;margin-bottom: 0px !important;padding-top: 0px !important;padding-bottom: 0px !important;}&#8221;][vc_column_text [&hellip;]<\/p>\n","protected":false},"author":1,"featured_media":0,"parent":43,"menu_order":0,"comment_status":"open","ping_status":"open","template":"","meta":{"footnotes":""},"class_list":["post-596","page","type-page","status-publish","hentry"],"_links":{"self":[{"href":"https:\/\/beautyeducator.de\/index.php?rest_route=\/wp\/v2\/pages\/596","targetHints":{"allow":["GET"]}}],"collection":[{"href":"https:\/\/beautyeducator.de\/index.php?rest_route=\/wp\/v2\/pages"}],"about":[{"href":"https:\/\/beautyeducator.de\/index.php?rest_route=\/wp\/v2\/types\/page"}],"author":[{"embeddable":true,"href":"https:\/\/beautyeducator.de\/index.php?rest_route=\/wp\/v2\/users\/1"}],"replies":[{"embeddable":true,"href":"https:\/\/beautyeducator.de\/index.php?rest_route=%2Fwp%2Fv2%2Fcomments&post=596"}],"version-history":[{"count":32,"href":"https:\/\/beautyeducator.de\/index.php?rest_route=\/wp\/v2\/pages\/596\/revisions"}],"predecessor-version":[{"id":3097,"href":"https:\/\/beautyeducator.de\/index.php?rest_route=\/wp\/v2\/pages\/596\/revisions\/3097"}],"up":[{"embeddable":true,"href":"https:\/\/beautyeducator.de\/index.php?rest_route=\/wp\/v2\/pages\/43"}],"wp:attachment":[{"href":"https:\/\/beautyeducator.de\/index.php?rest_route=%2Fwp%2Fv2%2Fmedia&parent=596"}],"curies":[{"name":"wp","href":"https:\/\/api.w.org\/{rel}","templated":true}]}}